{"id":3703,"date":"2025-07-25T15:04:45","date_gmt":"2025-07-25T08:04:45","guid":{"rendered":"https:\/\/onepack.casethemes.net\/?page_id=3703"},"modified":"2026-05-11T22:10:33","modified_gmt":"2026-05-11T22:10:33","slug":"contact-us","status":"publish","type":"page","link":"https:\/\/amlakjet.istanbul\/new\/en\/contact-us\/","title":{"rendered":"Contact Us"},"content":{"rendered":"\t\t<div data-elementor-type=\"wp-page\" data-elementor-id=\"3703\" class=\"elementor elementor-3703\">\n\t\t\t\t<div class=\"elementor-element elementor-element-17f2dc8 e-flex e-con-boxed pxl-row-scroll-none pxl-column-none pxl-full-content-with-space-none e-con e-parent \" data-id=\"17f2dc8\" data-element_type=\"container\" data-e-type=\"container\">\t\t\t<div class=\"e-con-inner\">\r\n\t\t<div class=\"elementor-element elementor-element-e9c69d4 e-flex e-con-boxed pxl-row-scroll-none pxl-column-none pxl-full-content-with-space-none e-con e-child \" data-id=\"e9c69d4\" data-element_type=\"container\" data-e-type=\"container\">\t\t\t<div class=\"e-con-inner\">\r\n\t\t\t\t<div class=\"elementor-element elementor-element-c3b2c06 elementor-widget elementor-widget-google_maps\" data-id=\"c3b2c06\" data-element_type=\"widget\" data-e-type=\"widget\" data-widget_type=\"google_maps.default\">\n\t\t\t\t\t\t\t<div class=\"elementor-custom-embed\">\n\t\t\t<iframe loading=\"lazy\"\n\t\t\t\t\tsrc=\"https:\/\/maps.google.com\/maps?q=vadistanbul%20teras&#038;t=m&#038;z=17&#038;output=embed&#038;iwloc=near\"\n\t\t\t\t\ttitle=\"vadistanbul teras\"\n\t\t\t\t\taria-label=\"vadistanbul teras\"\n\t\t\t><\/iframe>\n\t\t<\/div>\n\t\t\t\t\t\t<\/div>\n\t\t\t\t\t<\/div>\r\n\t\t\t\t<\/div>\r\n\t\t\t\t\t<\/div>\r\n\t\t\t\t<\/div>\r\n\t\t<div class=\"elementor-element elementor-element-ff092ca e-flex e-con-boxed pxl-row-scroll-none pxl-column-none pxl-full-content-with-space-none e-con e-parent \" data-id=\"ff092ca\" data-element_type=\"container\" data-e-type=\"container\" data-settings=\"{&quot;background_background&quot;:&quot;classic&quot;}\">\t\t\t<div class=\"e-con-inner\">\r\n\t\t<div class=\"elementor-element elementor-element-d4bc8a1 e-con-full e-flex pxl-row-scroll-none pxl-column-none pxl-full-content-with-space-none e-con e-child \" data-id=\"d4bc8a1\" data-element_type=\"container\" data-e-type=\"container\">\t\t<div class=\"elementor-element elementor-element-a9e76ee elementor-widget elementor-widget-pxl_heading\" data-id=\"a9e76ee\" data-element_type=\"widget\" data-e-type=\"widget\" data-widget_type=\"pxl_heading.default\">\n\t\t\t\t<div class=\"elementor-widget-container\">\n\t\t\t\t\t\n<div id=\"pxl-pxl_heading-a9e76ee-9549\" class=\"pxl-heading px-sub-title-default-style \">\n\t<div class=\"pxl-heading--inner\">\n\t\t\t\t\t<div class=\"pxl-item--subtitle px-sub-title-default \" data-wow-delay=\"ms\">\n\t\t\t\t<span class=\"pxl-item--subtext\">\n\t\t\t\t\t\t\t\t\t\tLet\u2019s talk now\t\t\t\t<\/span>\n\t\t\t<\/div>\n\t\t\n\t\t<h2 class=\"pxl-item--title style-default highlight-default \" data-wow-delay=\"ms\">\n\t\t\t\t\tHave a project in\u00a0mind? Let\u2019s make\u00a0it happen\t\t\t<\/h2>\n\n\n\t\t\n\t<\/div>\n<\/div>\t\t\t\t<\/div>\n\t\t\t\t<\/div>\n\t\t<div class=\"elementor-element elementor-element-c581202 e-con-full e-flex pxl-row-scroll-none pxl-column-none pxl-full-content-with-space-none e-con e-child \" data-id=\"c581202\" data-element_type=\"container\" data-e-type=\"container\"><div class=\"elementor-element elementor-element-5e45db5 e-con-full e-flex pxl-row-scroll-none pxl-column-none pxl-full-content-with-space-none e-con e-child \" data-id=\"5e45db5\" data-element_type=\"container\" data-e-type=\"container\">\t\t<div class=\"elementor-element elementor-element-83c1b91 elementor-widget elementor-widget-pxl_heading\" data-id=\"83c1b91\" data-element_type=\"widget\" data-e-type=\"widget\" data-widget_type=\"pxl_heading.default\">\n\t\t\t\t<div class=\"elementor-widget-container\">\n\t\t\t\t\t\n<div id=\"pxl-pxl_heading-83c1b91-8523\" class=\"pxl-heading px-sub-title-default-style \">\n\t<div class=\"pxl-heading--inner\">\n\t\t\n\t\t<h5 class=\"pxl-item--title style-default highlight-default \" data-wow-delay=\"ms\">\n\t\t\t\t\tCatch us here\t\t\t<\/h5>\n\n\n\t\t\n\t<\/div>\n<\/div>\t\t\t\t<\/div>\n\t\t\t\t<\/div>\n\t\t\t\t<div class=\"elementor-element elementor-element-71df946 elementor-widget__width-initial elementor-widget elementor-widget-pxl_link\" data-id=\"71df946\" data-element_type=\"widget\" data-e-type=\"widget\" data-widget_type=\"pxl_link.default\">\n\t\t\t\t<div class=\"elementor-widget-container\">\n\t\t\t\t\t<div class=\"pxl-link-wrap\">\r\n    <h3 class=\"pxl-widget-title pxl-empty\"><\/h3>\r\n            <ul id=\"pxl-link-pxl_link-71df946-5801\" class=\"pxl-link pxl-link-l1 style-default type-vertical\">\r\n                                <li class=\"pxl-item--link  \">\r\n                        <a class=\"\" href=\"mailto:amlakjet@amlakjet.istanbul\">\r\n                            <i aria-hidden=\"true\" class=\"fas fa-mail-bulk\"><\/i>                            <span>amlakjet@amlakjet.istanbul<\/span>\r\n                                                    <\/a>\r\n                    <\/li>\r\n                                <li class=\"pxl-item--link  \">\r\n                        <a class=\"\" href=\"tel:00902126036430\">\r\n                            <i aria-hidden=\"true\" class=\"bootstrap-icons bi-telephone\"><\/i>                            <span>+90 (212) 603 6430<\/span>\r\n                                                    <\/a>\r\n                    <\/li>\r\n                                <li class=\"pxl-item--link  \">\r\n                        <a class=\"\" href=\"tel:00905394023939\">\r\n                            <i aria-hidden=\"true\" class=\"fas fa-mobile-alt\"><\/i>                            <span>+90 (539) 402 3939<\/span>\r\n                                                    <\/a>\r\n                    <\/li>\r\n                    <\/ul>\r\n    <\/div>\t\t\t\t<\/div>\n\t\t\t\t<\/div>\n\t\t\t\t<div class=\"elementor-element elementor-element-84a3899 elementor-widget__width-initial elementor-widget-tablet_extra__width-initial elementor-widget elementor-widget-pxl_link\" data-id=\"84a3899\" data-element_type=\"widget\" data-e-type=\"widget\" data-widget_type=\"pxl_link.default\">\n\t\t\t\t<div class=\"elementor-widget-container\">\n\t\t\t\t\t<div class=\"pxl-link-wrap\">\r\n    <h3 class=\"pxl-widget-title pxl-empty\"><\/h3>\r\n            <ul id=\"pxl-link-pxl_link-84a3899-9604\" class=\"pxl-link pxl-link-l1 style-default type-vertical\">\r\n                                <li class=\"pxl-item--link  \">\r\n                        <a class=\"\" >\r\n                            <i aria-hidden=\"true\" class=\"fas fa-search-location\"><\/i>                            <span>Ayaza\u011fa Mahallesi, 215. Sk<\/span>\r\n                                                    <\/a>\r\n                    <\/li>\r\n                                <li class=\"pxl-item--link  \">\r\n                        <a class=\"\" >\r\n                            <i aria-hidden=\"true\" class=\"bootstrap-icons bi-dot\"><\/i>                            <span>Vadistanbul Teras, Sar\u0131yer, \u0130stanbul<\/span>\r\n                                                    <\/a>\r\n                    <\/li>\r\n                    <\/ul>\r\n    <\/div>\t\t\t\t<\/div>\n\t\t\t\t<\/div>\n\t\t\t\t<div class=\"elementor-element elementor-element-e4c4918 elementor-widget__width-initial elementor-widget elementor-widget-pxl_link\" data-id=\"e4c4918\" data-element_type=\"widget\" data-e-type=\"widget\" data-widget_type=\"pxl_link.default\">\n\t\t\t\t<div class=\"elementor-widget-container\">\n\t\t\t\t\t<div class=\"pxl-link-wrap\">\r\n    <h3 class=\"pxl-widget-title pxl-empty\"><\/h3>\r\n            <ul id=\"pxl-link-pxl_link-e4c4918-5119\" class=\"pxl-link pxl-link-l1 style-default type-vertical\">\r\n                                <li class=\"pxl-item--link  \">\r\n                        <a class=\"\" >\r\n                            <i aria-hidden=\"true\" class=\"bootstrap-icons bi-alarm-fill\"><\/i>                            <span>Monday \u2013 Friday,\u2028<\/span>\r\n                                                    <\/a>\r\n                    <\/li>\r\n                                <li class=\"pxl-item--link  \">\r\n                        <a class=\"\" >\r\n                                                        <span>10am \u2013 5pm <\/span>\r\n                                                    <\/a>\r\n                    <\/li>\r\n                    <\/ul>\r\n    <\/div>\t\t\t\t<\/div>\n\t\t\t\t<\/div>\n\t\t\t\t<\/div>\r\n\t\t<div class=\"elementor-element elementor-element-28dd543 e-con-full e-flex pxl-row-scroll-none pxl-column-none pxl-full-content-with-space-none e-con e-child \" data-id=\"28dd543\" data-element_type=\"container\" data-e-type=\"container\">\t\t<div class=\"elementor-element elementor-element-806f196 elementor-widget elementor-widget-pxl_contact_form\" data-id=\"806f196\" data-element_type=\"widget\" data-e-type=\"widget\" data-widget_type=\"pxl_contact_form.default\">\n\t\t\t\t<div class=\"elementor-widget-container\">\n\t\t\t\t\t    <div class=\"pxl-contact-form pxl-contact-form1 btn-w-auto \" data-wow-delay=\"ms\">\r\n            \n<div class=\"wpcf7 no-js\" id=\"wpcf7-f5-o1\" lang=\"en-US\" dir=\"ltr\" data-wpcf7-id=\"5\">\n<div class=\"screen-reader-response\"><p role=\"status\" aria-live=\"polite\" aria-atomic=\"true\"><\/p> <ul><\/ul><\/div>\n<form action=\"\/new\/wp-json\/wp\/v2\/pages\/3703#wpcf7-f5-o1\" method=\"post\" class=\"wpcf7-form init\" aria-label=\"Contact form\" novalidate=\"novalidate\" data-status=\"init\">\n<fieldset class=\"hidden-fields-container\"><input type=\"hidden\" name=\"_wpcf7\" value=\"5\" \/><input type=\"hidden\" name=\"_wpcf7_version\" value=\"6.1.5\" \/><input type=\"hidden\" name=\"_wpcf7_locale\" value=\"en_US\" \/><input type=\"hidden\" name=\"_wpcf7_unit_tag\" value=\"wpcf7-f5-o1\" \/><input type=\"hidden\" name=\"_wpcf7_container_post\" value=\"0\" \/><input type=\"hidden\" name=\"_wpcf7_posted_data_hash\" value=\"\" \/>\n<\/fieldset>\n<div class=\"pxl-contact-form-1\">\n\t<div class=\"pxl-col\">\n\t\t<div class=\"pxl-col1\">\n\t\t\t<div class=\"pxl-full-name\">\n\t\t\t\t<p><span class=\"wpcf7-form-control-wrap\" data-name=\"text-610\"><input size=\"40\" maxlength=\"400\" class=\"wpcf7-form-control wpcf7-text wpcf7-validates-as-required\" aria-required=\"true\" aria-invalid=\"false\" placeholder=\"Your name **\" value=\"\" type=\"text\" name=\"text-610\" \/><\/span><br \/>\n<i aria-hidden=\"true\" class=\"fas fa-user\"><\/i>\n\t\t\t\t<\/p>\n\t\t\t<\/div>\n\t\t\t<div class=\"pxl-email\">\n\t\t\t\t<p><span class=\"wpcf7-form-control-wrap\" data-name=\"email-81\"><input size=\"40\" maxlength=\"400\" class=\"wpcf7-form-control wpcf7-email wpcf7-validates-as-required wpcf7-text wpcf7-validates-as-email\" aria-required=\"true\" aria-invalid=\"false\" placeholder=\"Email Address **\" value=\"\" type=\"email\" name=\"email-81\" \/><\/span><br \/>\n<svg height=\"20\" fill=\"#000\" viewBox=\"0 0 24 24\" width=\"20\" xmlns=\"http:\/\/www.w3.org\/2000\/svg\" id=\"fi_17140026\"><path d=\"m22 8.608v8.142c0 1.733-1.3565 3.1492-3.0656 3.2449l-.1844.0051h-13.5c-1.73303 0-3.14925-1.3565-3.24486-3.0656l-.00514-.1844v-8.142l9.652 5.0564c.218.1141.478.1141.696 0zm-16.75-4.608h13.5c1.6847 0 3.0701 1.28191 3.2338 2.92355l-9.9838 5.22975-9.98381-5.22975c.15767-1.58084 1.44813-2.8281 3.0479-2.91832l.18591-.00523h13.5z\" ><\/path><\/svg>\n\t\t\t\t<\/p>\n\t\t\t<\/div>\n\t\t<\/div>\n\t\t<div class=\"pxl-col2\">\n\t\t\t<div class=\"pxl-subject\">\n\t\t\t\t<p><span class=\"wpcf7-form-control-wrap\" data-name=\"select-764\"><select class=\"wpcf7-form-control wpcf7-select wpcf7-validates-as-required\" aria-required=\"true\" aria-invalid=\"false\" name=\"select-764\"><option value=\"\">Select Subject **<\/option><option value=\"Apartment\">Apartment<\/option><option value=\"Villa\">Villa<\/option><option value=\"Commercial Building\">Commercial Building<\/option><\/select><\/span>\n\t\t\t\t<\/p>\n\t\t\t<\/div>\n\t\t\t<div class=\"pxl-select\">\n\t\t\t\t<p><span class=\"wpcf7-form-control-wrap\" data-name=\"select-944\"><select class=\"wpcf7-form-control wpcf7-select wpcf7-validates-as-required\" aria-required=\"true\" aria-invalid=\"false\" name=\"select-944\"><option value=\"\">$5000 - $10,000<\/option><option value=\"$4000 - $8000\">$4000 - $8000<\/option><option value=\"$3000 - $6000\">$3000 - $6000<\/option><option value=\"$2000 - $4000\">$2000 - $4000<\/option><option value=\"$1000 - $2000\">$1000 - $2000<\/option><\/select><\/span>\n\t\t\t\t<\/p>\n\t\t\t<\/div>\n\t\t<\/div>\n\t<\/div>\n\t<div class=\"pxl-message\">\n\t\t<p><span class=\"wpcf7-form-control-wrap\" data-name=\"textarea-555\"><textarea cols=\"40\" rows=\"10\" maxlength=\"2000\" class=\"wpcf7-form-control wpcf7-textarea wpcf7-validates-as-required\" aria-required=\"true\" aria-invalid=\"false\" placeholder=\"Message **\" name=\"textarea-555\"><\/textarea><\/span><br \/>\n<i aria-hidden=\"true\" class=\"fas fa-pen\"><\/i>\n\t\t<\/p>\n\t<\/div>\n\t<div class=\"contact-submit\">\n\t\t<p><button class=\"btn button-contact\" type=\"submit\" data-animation=\"pxl-xspin\"><br \/>\nget a free quote<br \/>\n<\/button>\n\t\t<\/p>\n\t<\/div>\n<\/div><div class=\"wpcf7-response-output\" aria-hidden=\"true\"><\/div>\n<\/form>\n<\/div>\n    <div id=\"qrcode\" class=\"hide-qr\"><\/div>\r\n<\/div>\r\n\t\t\t\t<\/div>\n\t\t\t\t<\/div>\n\t\t\t\t<\/div>\r\n\t\t\t\t<\/div>\r\n\t\t\t\t<\/div>\r\n\t\t\t\t\t<\/div>\r\n\t\t\t\t<\/div>\r\n\t\t\t\t<\/div>\n\t\t","protected":false},"excerpt":{"rendered":"<p>Let\u2019s talk now Have a project in\u00a0mind? Let\u2019s make\u00a0it happen Catch us here amlakjet@amlakjet.istanbul +90 (212) 603 6430 +90 (539) 402 3939 Ayaza\u011fa Mahallesi, 215. Sk Vadistanbul Teras, Sar\u0131yer, \u0130stanbul Monday \u2013 Friday, 10am \u2013 5pm Select Subject **ApartmentVillaCommercial Building $5000 &#8211; $10,000$4000 &#8211; $8000$3000 &#8211; $6000$2000 &#8211; $4000$1000 &#8211; $2000 get a free quote<\/p>\n","protected":false},"author":1,"featured_media":0,"parent":0,"menu_order":0,"comment_status":"closed","ping_status":"closed","template":"","meta":{"footnotes":""},"class_list":["post-3703","page","type-page","status-publish","hentry"],"_links":{"self":[{"href":"https:\/\/amlakjet.istanbul\/new\/wp-json\/wp\/v2\/pages\/3703","targetHints":{"allow":["GET"]}}],"collection":[{"href":"https:\/\/amlakjet.istanbul\/new\/wp-json\/wp\/v2\/pages"}],"about":[{"href":"https:\/\/amlakjet.istanbul\/new\/wp-json\/wp\/v2\/types\/page"}],"author":[{"embeddable":true,"href":"https:\/\/amlakjet.istanbul\/new\/wp-json\/wp\/v2\/users\/1"}],"replies":[{"embeddable":true,"href":"https:\/\/amlakjet.istanbul\/new\/wp-json\/wp\/v2\/comments?post=3703"}],"version-history":[{"count":35,"href":"https:\/\/amlakjet.istanbul\/new\/wp-json\/wp\/v2\/pages\/3703\/revisions"}],"predecessor-version":[{"id":5863,"href":"https:\/\/amlakjet.istanbul\/new\/wp-json\/wp\/v2\/pages\/3703\/revisions\/5863"}],"wp:attachment":[{"href":"https:\/\/amlakjet.istanbul\/new\/wp-json\/wp\/v2\/media?parent=3703"}],"curies":[{"name":"wp","href":"https:\/\/api.w.org\/{rel}","templated":true}]}}